{"id":23,"date":"2021-11-06T10:14:46","date_gmt":"2021-11-06T10:14:46","guid":{"rendered":"http:\/\/kamilamalkova-terapie.cz\/?page_id=23"},"modified":"2024-01-02T20:08:28","modified_gmt":"2024-01-02T20:08:28","slug":"o_mne","status":"publish","type":"page","link":"https:\/\/kamilamalkova-terapie.cz\/?page_id=23","title":{"rendered":"O mn\u011b"},"content":{"rendered":"\n<div class=\"wp-block-columns alignwide is-layout-flex wp-container-core-columns-is-layout-28f84493 wp-block-columns-is-layout-flex\">\n<div class=\"wp-block-column is-vertically-aligned-top is-layout-flow wp-block-column-is-layout-flow\">\n<h3><strong>Pracovn\u00ed zku\u0161enosti<\/strong><\/h3>\n<ul>\n<li>\n<h5>Oblastn\u00ed charita Ji\u010d\u00edn &#8211; Centrum SASanka<\/h5>\n<\/li>\n<li>\n<h5>Fokus Praha z.\u00fa.<\/h5>\n<\/li>\n<li>\n<h5>\u0160KODA AUTO a.s., ZF TRW, Accenture<\/h5>\n<\/li>\n<\/ul>\n<h3>\u00a0<\/h3>\n<h3><strong>Vzd\u011bl\u00e1n\u00ed<\/strong><\/h3>\n<ul>\n<li>\n<h5>Mgr. v oboru Andragogika (2012), UPOL<\/h5>\n<\/li>\n<li>\n<h5>DiS. v oboru Soci\u00e1ln\u00ed pr\u00e1ce (2004), VO\u0160 soci\u00e1ln\u011b \u2013 pr\u00e1vn\u00ed v Praze<\/h5>\n<\/li>\n<li>\n<h5>Sebezku\u0161enostn\u00ed v\u00fdcvik ve skupinov\u00e9 integrativn\u00ed psychoterapii\u00a0 \u00a0 \u00a0 \u00a0(2019 &#8211; 2023), Sk\u00e1l\u016fv Institut<\/h5>\n<\/li>\n<li>\n<h5>Psychoanalytick\u00e1 p\u00e1rov\u00e1 a rodinn\u00e1 terapie (2023 &#8211; 2025), IPPART<\/h5>\n<\/li>\n<\/ul>\n<h3>\u00a0<\/h3>\n<h3><strong>Kurzy<\/strong><\/h3>\n<ul>\n<li>\n<h5>Zp\u016fsoby zvl\u00e1d\u00e1n\u00ed obt\u00ed\u017en\u00fdch situac\u00ed p\u0159i spolupr\u00e1ci s klientem (2005), Fokus Praha z.\u00fa.<\/h5>\n<\/li>\n<li>\n<h5>Lektor vzd\u011bl\u00e1v\u00e1n\u00ed dosp\u011bl\u00fdch (2011), AIVD<\/h5>\n<\/li>\n<li>\n<h5>Specifick\u00fd tr\u00e9nink kou\u010d\u016f (2012), ICF M\u00daVS p\u0159i \u010cVUT<\/h5>\n<\/li>\n<li>\n<h5>Mindfulness (2021)<\/h5>\n<\/li>\n<li>\n<h5>D\u016fv\u011bra ve zm\u011bnu &#8211; trauma v kontextu biosynt\u00e9zy (2022)<\/h5>\n<\/li>\n<li>\n<h5>Edukativn\u00ed rodi\u010dovsk\u00e1 terapie (2023)<\/h5>\n<\/li>\n<li>\n<h5>Veden\u00ed rozhovoru s d\u011btmi a dosp\u00edvaj\u00edc\u00edmi (2023)<\/h5>\n<\/li>\n<li>\n<h5>Metody KBT v praxi (2023)<\/h5>\n<\/li>\n<\/ul>\n\n\n\n<p><\/p>\n<\/div>\n\n\n\n<div class=\"wp-block-column is-vertically-aligned-top is-layout-flow wp-block-column-is-layout-flow\">\n<h5 style=\"text-align: left;\" data-wnd_is_separable=\"1\" data-wnd_separable_index=\"0\" data-wnd_separable_id=\"wnd_TextBlock_577460254\">A\u0165 u\u017e jsem pracovala jako socioterapeut v neziskov\u00e9m sektoru s lidmi s du\u0161evn\u00edm onemocn\u011bn\u00edm, nebo <span class=\"wnd-font-size-110\">jako<\/span> lektor, kou\u010d, mentor \u010di poradce v oblasti vzd\u011bl\u00e1v\u00e1n\u00ed a rozvoje zam\u011bstnanc\u016f v podnikatelsk\u00e9m sektoru, v\u017edy jsem se sna\u017eila a sna\u017e\u00edm p\u0159istupovat ke ka\u017ed\u00e9mu klientovi individu\u00e1ln\u011b s ohledem na jeho aktu\u00e1ln\u00ed pot\u0159eby.<\/h5>\n<h5 data-wnd_is_separable=\"1\" data-wnd_separable_index=\"0\" data-wnd_separable_id=\"wnd_TextBlock_577460254\">Ka\u017ed\u00fd klient, kter\u00fd ke mn\u011b p\u0159ich\u00e1z\u00ed, je pro m\u011b velkou inspirac\u00ed a m\u00e1 m\u016fj neskute\u010dn\u00fd obdiv, \u017ee se rozhodl ve sv\u00e9m \u017eivot\u011b ke zm\u011bn\u011b. Dok\u00e1zal si \u0159\u00edci o pomoc a podporu. Opravdu jsem p\u0159ekvapen\u00e1, kolik lid\u00e9 v sob\u011b dok\u00e1\u017eou naj\u00edt s\u00edly a odvahy. P\u0159i pr\u00e1ci s klienty se sna\u017e\u00edm b\u00fdt p\u0159edev\u0161\u00edm autentick\u00e1, vn\u00edmav\u00e1 a podporuj\u00edc\u00ed. Klient\u016fm naslouch\u00e1m a dopt\u00e1v\u00e1m se, abych mohla dob\u0159e pochopit jejich \u017eivotn\u00ed situaci a t\u011b\u017ekosti, se kter\u00fdmi ke mn\u011b p\u0159ich\u00e1zej\u00ed. Jsem p\u0159esv\u011bd\u010den\u00e1, \u017ee pr\u00e1v\u011b opravdov\u00fd z\u00e1jem o \u010dlov\u011bka a jeho \u017eivotn\u00ed p\u0159\u00edb\u011bh, m\u016f\u017ee b\u00fdt prvn\u00edm kr\u016f\u010dkem vedouc\u00edm k pozitivn\u00ed zm\u011bn\u011b v jejich \u017eivot\u011b. Ve sv\u00e9 pr\u00e1ci r\u00e1da pracuji s prvky mindfulness, tedy v\u0161\u00edmavosti nebo tak\u00e9 bd\u011bl\u00e9 pozornosti. Pom\u00e1h\u00e1 to klient\u016fm ve schopnosti neztr\u00e1cet se v my\u0161lenk\u00e1ch, ale naplno pro\u017e\u00edvat, co se d\u011bje pr\u00e1v\u011b tady a te\u010f. R\u00e1da pracuji v terapii tak\u00e9 s emocemi, kter\u00e9 se b\u011bhem sezen\u00ed s klientem objevuj\u00ed, proto\u017ee mi v pr\u00e1ci \u010dasto ukazuj\u00ed ten spr\u00e1vn\u00fd sm\u011br.&nbsp;<\/h5>\n<h5 style=\"text-align: left;\" data-wnd_is_separable=\"1\" data-wnd_separable_index=\"0\" data-wnd_separable_id=\"wnd_TextBlock_577460254\">D\u00edky zku\u0161enostem z pracovn\u00edho prost\u0159ed\u00ed, ale i z osobn\u00edho \u017eivota jsem do\u0161la k n\u00e1zoru, \u017ee ka\u017ed\u00fd z n\u00e1s m\u00e1 mo\u017enost se svobodn\u011b rozhodnout o sv\u00e9 vlastn\u00ed cest\u011b, p\u0159\u00edstupu k dan\u00e9 situaci, a\u0165 u\u017e je jakkoliv obt\u00ed\u017en\u00e1 a slo\u017eit\u00e1. Zm\u011bnit se m\u016f\u017eeme jen tehdy, kdy\u017e p\u0159ijmeme to, jac\u00ed jsme pr\u00e1v\u011b te\u010f.<\/h5>\n<\/div>\n<\/div>\n\n\n\n<hr class=\"wp-block-separator has-text-color has-css-opacity has-background is-style-wide\" style=\"background-color:#abb8c3;color:#abb8c3\"\/>\n\n\n\n<figure class=\"wp-block-image aligncenter size-large\"><img loading=\"lazy\" decoding=\"async\" width=\"1024\" height=\"680\" src=\"https:\/\/kamilamalkova-terapie.cz\/wp-content\/uploads\/2021\/12\/DSC_0146-1024x680.jpg\" alt=\"\" class=\"wp-image-742\"\/><\/figure>\n","protected":false},"excerpt":{"rendered":"<p>Pracovn\u00ed zku\u0161enosti Oblastn\u00ed charita Ji\u010d\u00edn &#8211; Centrum SASanka Fokus Praha z.\u00fa. \u0160KODA AUTO a.s., ZF TRW, Accenture \u00a0 Vzd\u011bl\u00e1n\u00ed Mgr. v oboru Andragogika (2012), UPOL DiS. v oboru Soci\u00e1ln\u00ed pr\u00e1ce (2004), VO\u0160 soci\u00e1ln\u011b \u2013 pr\u00e1vn\u00ed v Praze Sebezku\u0161enostn\u00ed v\u00fdcvik ve skupinov\u00e9 integrativn\u00ed psychoterapii\u00a0 \u00a0 \u00a0 \u00a0(2019 &#8211; 2023), Sk\u00e1l\u016fv Institut Psychoanalytick\u00e1 p\u00e1rov\u00e1 a rodinn\u00e1 terapie [&hellip;]<\/p>\n","protected":false},"author":1,"featured_media":0,"parent":0,"menu_order":0,"comment_status":"closed","ping_status":"closed","template":"","meta":{"_uag_custom_page_level_css":"","site-sidebar-layout":"default","site-content-layout":"","ast-site-content-layout":"default","site-content-style":"default","site-sidebar-style":"default","ast-global-header-display":"","ast-banner-title-visibility":"","ast-main-header-display":"","ast-hfb-above-header-display":"","ast-hfb-below-header-display":"","ast-hfb-mobile-header-display":"","site-post-title":"","ast-breadcrumbs-content":"","ast-featured-img":"","footer-sml-layout":"","ast-disable-related-posts":"","theme-transparent-header-meta":"","adv-header-id-meta":"","stick-header-meta":"","header-above-stick-meta":"","header-main-stick-meta":"","header-below-stick-meta":"","astra-migrate-meta-layouts":"set","ast-page-background-enabled":"default","ast-page-background-meta":{"desktop":{"background-color":"var(--ast-global-color-4)","background-image":"","background-repeat":"repeat","background-position":"center center","background-size":"auto","background-attachment":"scroll","background-type":"","background-media":"","overlay-type":"","overlay-color":"","overlay-opacity":"","overlay-gradient":""},"tablet":{"background-color":"","background-image":"","background-repeat":"repeat","background-position":"center center","background-size":"auto","background-attachment":"scroll","background-type":"","background-media":"","overlay-type":"","overlay-color":"","overlay-opacity":"","overlay-gradient":""},"mobile":{"background-color":"","background-image":"","background-repeat":"repeat","background-position":"center center","background-size":"auto","background-attachment":"scroll","background-type":"","background-media":"","overlay-type":"","overlay-color":"","overlay-opacity":"","overlay-gradient":""}},"ast-content-background-meta":{"desktop":{"background-color":"var(--ast-global-color-5)","background-image":"","background-repeat":"repeat","background-position":"center center","background-size":"auto","background-attachment":"scroll","background-type":"","background-media":"","overlay-type":"","overlay-color":"","overlay-opacity":"","overlay-gradient":""},"tablet":{"background-color":"var(--ast-global-color-5)","background-image":"","background-repeat":"repeat","background-position":"center center","background-size":"auto","background-attachment":"scroll","background-type":"","background-media":"","overlay-type":"","overlay-color":"","overlay-opacity":"","overlay-gradient":""},"mobile":{"background-color":"var(--ast-global-color-5)","background-image":"","background-repeat":"repeat","background-position":"center center","background-size":"auto","background-attachment":"scroll","background-type":"","background-media":"","overlay-type":"","overlay-color":"","overlay-opacity":"","overlay-gradient":""}},"footnotes":""},"class_list":["post-23","page","type-page","status-publish","hentry"],"yoast_head":"<!-- This site is optimized with the Yoast SEO plugin v27.4 - https:\/\/yoast.com\/product\/yoast-seo-wordpress\/ -->\n<title>O mn\u011b - Mgr. KAMILA M\u00c1LKOV\u00c1<\/title>\n<meta name=\"description\" content=\"Terapie m\u016f\u017ee b\u00fdt Va\u0161\u00ed bezpe\u010dnou cestou, jak zvl\u00e1dnout obt\u00ed\u017en\u00e9 \u017eivotn\u00ed situace, aby negativn\u011b nezasahovaly do budoucnosti.\" \/>\n<meta name=\"robots\" content=\"index, follow, max-snippet:-1, max-image-preview:large, max-video-preview:-1\" \/>\n<link rel=\"canonical\" href=\"https:\/\/kamilamalkova-terapie.cz\/?page_id=23\" \/>\n<meta property=\"og:locale\" content=\"cs_CZ\" \/>\n<meta property=\"og:type\" content=\"article\" \/>\n<meta property=\"og:title\" content=\"O mn\u011b - Mgr. KAMILA M\u00c1LKOV\u00c1\" \/>\n<meta property=\"og:description\" content=\"Terapie m\u016f\u017ee b\u00fdt Va\u0161\u00ed bezpe\u010dnou cestou, jak zvl\u00e1dnout obt\u00ed\u017en\u00e9 \u017eivotn\u00ed situace, aby negativn\u011b nezasahovaly do budoucnosti.\" \/>\n<meta property=\"og:url\" content=\"https:\/\/kamilamalkova-terapie.cz\/?page_id=23\" \/>\n<meta property=\"og:site_name\" content=\"Mgr. KAMILA M\u00c1LKOV\u00c1\" \/>\n<meta property=\"article:modified_time\" content=\"2024-01-02T20:08:28+00:00\" \/>\n<meta property=\"og:image\" content=\"http:\/\/kamilamalkova-terapie.cz\/wp-content\/uploads\/2021\/12\/DSC_0146-1024x680.jpg\" \/>\n<meta name=\"twitter:card\" content=\"summary_large_image\" \/>\n<meta name=\"twitter:label1\" content=\"Odhadovan\u00e1 doba \u010dten\u00ed\" \/>\n\t<meta name=\"twitter:data1\" content=\"3 minuty\" \/>\n<script type=\"application\/ld+json\" class=\"yoast-schema-graph\">{\"@context\":\"https:\\\/\\\/schema.org\",\"@graph\":[{\"@type\":\"WebPage\",\"@id\":\"https:\\\/\\\/kamilamalkova-terapie.cz\\\/?page_id=23\",\"url\":\"https:\\\/\\\/kamilamalkova-terapie.cz\\\/?page_id=23\",\"name\":\"O mn\u011b - Mgr. KAMILA M\u00c1LKOV\u00c1\",\"isPartOf\":{\"@id\":\"https:\\\/\\\/kamilamalkova-terapie.cz\\\/#website\"},\"primaryImageOfPage\":{\"@id\":\"https:\\\/\\\/kamilamalkova-terapie.cz\\\/?page_id=23#primaryimage\"},\"image\":{\"@id\":\"https:\\\/\\\/kamilamalkova-terapie.cz\\\/?page_id=23#primaryimage\"},\"thumbnailUrl\":\"http:\\\/\\\/kamilamalkova-terapie.cz\\\/wp-content\\\/uploads\\\/2021\\\/12\\\/DSC_0146-1024x680.jpg\",\"datePublished\":\"2021-11-06T10:14:46+00:00\",\"dateModified\":\"2024-01-02T20:08:28+00:00\",\"description\":\"Terapie m\u016f\u017ee b\u00fdt Va\u0161\u00ed bezpe\u010dnou cestou, jak zvl\u00e1dnout obt\u00ed\u017en\u00e9 \u017eivotn\u00ed situace, aby negativn\u011b nezasahovaly do budoucnosti.\",\"breadcrumb\":{\"@id\":\"https:\\\/\\\/kamilamalkova-terapie.cz\\\/?page_id=23#breadcrumb\"},\"inLanguage\":\"cs\",\"potentialAction\":[{\"@type\":\"ReadAction\",\"target\":[\"https:\\\/\\\/kamilamalkova-terapie.cz\\\/?page_id=23\"]}]},{\"@type\":\"ImageObject\",\"inLanguage\":\"cs\",\"@id\":\"https:\\\/\\\/kamilamalkova-terapie.cz\\\/?page_id=23#primaryimage\",\"url\":\"http:\\\/\\\/kamilamalkova-terapie.cz\\\/wp-content\\\/uploads\\\/2021\\\/12\\\/DSC_0146-1024x680.jpg\",\"contentUrl\":\"http:\\\/\\\/kamilamalkova-terapie.cz\\\/wp-content\\\/uploads\\\/2021\\\/12\\\/DSC_0146-1024x680.jpg\"},{\"@type\":\"BreadcrumbList\",\"@id\":\"https:\\\/\\\/kamilamalkova-terapie.cz\\\/?page_id=23#breadcrumb\",\"itemListElement\":[{\"@type\":\"ListItem\",\"position\":1,\"name\":\"Dom\u016f\",\"item\":\"https:\\\/\\\/kamilamalkova-terapie.cz\\\/\"},{\"@type\":\"ListItem\",\"position\":2,\"name\":\"O mn\u011b\"}]},{\"@type\":\"WebSite\",\"@id\":\"https:\\\/\\\/kamilamalkova-terapie.cz\\\/#website\",\"url\":\"https:\\\/\\\/kamilamalkova-terapie.cz\\\/\",\"name\":\"Mgr. KAMILA M\u00c1LKOV\u00c1\",\"description\":\"Terapie m\u016f\u017ee b\u00fdt Va\u0161\u00ed bezpe\u010dnou cestou\",\"publisher\":{\"@id\":\"https:\\\/\\\/kamilamalkova-terapie.cz\\\/#organization\"},\"potentialAction\":[{\"@type\":\"SearchAction\",\"target\":{\"@type\":\"EntryPoint\",\"urlTemplate\":\"https:\\\/\\\/kamilamalkova-terapie.cz\\\/?s={search_term_string}\"},\"query-input\":{\"@type\":\"PropertyValueSpecification\",\"valueRequired\":true,\"valueName\":\"search_term_string\"}}],\"inLanguage\":\"cs\"},{\"@type\":\"Organization\",\"@id\":\"https:\\\/\\\/kamilamalkova-terapie.cz\\\/#organization\",\"name\":\"Mgr. Kamila M\u00e1lkov\u00e1\",\"url\":\"https:\\\/\\\/kamilamalkova-terapie.cz\\\/\",\"logo\":{\"@type\":\"ImageObject\",\"inLanguage\":\"cs\",\"@id\":\"https:\\\/\\\/kamilamalkova-terapie.cz\\\/#\\\/schema\\\/logo\\\/image\\\/\",\"url\":\"http:\\\/\\\/kamilamalkova-terapie.cz\\\/wp-content\\\/uploads\\\/2021\\\/12\\\/DSC_0146-1-scaled-e1640465609570.jpg\",\"contentUrl\":\"http:\\\/\\\/kamilamalkova-terapie.cz\\\/wp-content\\\/uploads\\\/2021\\\/12\\\/DSC_0146-1-scaled-e1640465609570.jpg\",\"width\":1158,\"height\":1702,\"caption\":\"Mgr. Kamila M\u00e1lkov\u00e1\"},\"image\":{\"@id\":\"https:\\\/\\\/kamilamalkova-terapie.cz\\\/#\\\/schema\\\/logo\\\/image\\\/\"}}]}<\/script>\n<!-- \/ Yoast SEO plugin. -->","yoast_head_json":{"title":"O mn\u011b - Mgr. KAMILA M\u00c1LKOV\u00c1","description":"Terapie m\u016f\u017ee b\u00fdt Va\u0161\u00ed bezpe\u010dnou cestou, jak zvl\u00e1dnout obt\u00ed\u017en\u00e9 \u017eivotn\u00ed situace, aby negativn\u011b nezasahovaly do budoucnosti.","robots":{"index":"index","follow":"follow","max-snippet":"max-snippet:-1","max-image-preview":"max-image-preview:large","max-video-preview":"max-video-preview:-1"},"canonical":"https:\/\/kamilamalkova-terapie.cz\/?page_id=23","og_locale":"cs_CZ","og_type":"article","og_title":"O mn\u011b - Mgr. KAMILA M\u00c1LKOV\u00c1","og_description":"Terapie m\u016f\u017ee b\u00fdt Va\u0161\u00ed bezpe\u010dnou cestou, jak zvl\u00e1dnout obt\u00ed\u017en\u00e9 \u017eivotn\u00ed situace, aby negativn\u011b nezasahovaly do budoucnosti.","og_url":"https:\/\/kamilamalkova-terapie.cz\/?page_id=23","og_site_name":"Mgr. KAMILA M\u00c1LKOV\u00c1","article_modified_time":"2024-01-02T20:08:28+00:00","og_image":[{"url":"http:\/\/kamilamalkova-terapie.cz\/wp-content\/uploads\/2021\/12\/DSC_0146-1024x680.jpg","type":"","width":"","height":""}],"twitter_card":"summary_large_image","twitter_misc":{"Odhadovan\u00e1 doba \u010dten\u00ed":"3 minuty"},"schema":{"@context":"https:\/\/schema.org","@graph":[{"@type":"WebPage","@id":"https:\/\/kamilamalkova-terapie.cz\/?page_id=23","url":"https:\/\/kamilamalkova-terapie.cz\/?page_id=23","name":"O mn\u011b - Mgr. KAMILA M\u00c1LKOV\u00c1","isPartOf":{"@id":"https:\/\/kamilamalkova-terapie.cz\/#website"},"primaryImageOfPage":{"@id":"https:\/\/kamilamalkova-terapie.cz\/?page_id=23#primaryimage"},"image":{"@id":"https:\/\/kamilamalkova-terapie.cz\/?page_id=23#primaryimage"},"thumbnailUrl":"http:\/\/kamilamalkova-terapie.cz\/wp-content\/uploads\/2021\/12\/DSC_0146-1024x680.jpg","datePublished":"2021-11-06T10:14:46+00:00","dateModified":"2024-01-02T20:08:28+00:00","description":"Terapie m\u016f\u017ee b\u00fdt Va\u0161\u00ed bezpe\u010dnou cestou, jak zvl\u00e1dnout obt\u00ed\u017en\u00e9 \u017eivotn\u00ed situace, aby negativn\u011b nezasahovaly do budoucnosti.","breadcrumb":{"@id":"https:\/\/kamilamalkova-terapie.cz\/?page_id=23#breadcrumb"},"inLanguage":"cs","potentialAction":[{"@type":"ReadAction","target":["https:\/\/kamilamalkova-terapie.cz\/?page_id=23"]}]},{"@type":"ImageObject","inLanguage":"cs","@id":"https:\/\/kamilamalkova-terapie.cz\/?page_id=23#primaryimage","url":"http:\/\/kamilamalkova-terapie.cz\/wp-content\/uploads\/2021\/12\/DSC_0146-1024x680.jpg","contentUrl":"http:\/\/kamilamalkova-terapie.cz\/wp-content\/uploads\/2021\/12\/DSC_0146-1024x680.jpg"},{"@type":"BreadcrumbList","@id":"https:\/\/kamilamalkova-terapie.cz\/?page_id=23#breadcrumb","itemListElement":[{"@type":"ListItem","position":1,"name":"Dom\u016f","item":"https:\/\/kamilamalkova-terapie.cz\/"},{"@type":"ListItem","position":2,"name":"O mn\u011b"}]},{"@type":"WebSite","@id":"https:\/\/kamilamalkova-terapie.cz\/#website","url":"https:\/\/kamilamalkova-terapie.cz\/","name":"Mgr. KAMILA M\u00c1LKOV\u00c1","description":"Terapie m\u016f\u017ee b\u00fdt Va\u0161\u00ed bezpe\u010dnou cestou","publisher":{"@id":"https:\/\/kamilamalkova-terapie.cz\/#organization"},"potentialAction":[{"@type":"SearchAction","target":{"@type":"EntryPoint","urlTemplate":"https:\/\/kamilamalkova-terapie.cz\/?s={search_term_string}"},"query-input":{"@type":"PropertyValueSpecification","valueRequired":true,"valueName":"search_term_string"}}],"inLanguage":"cs"},{"@type":"Organization","@id":"https:\/\/kamilamalkova-terapie.cz\/#organization","name":"Mgr. Kamila M\u00e1lkov\u00e1","url":"https:\/\/kamilamalkova-terapie.cz\/","logo":{"@type":"ImageObject","inLanguage":"cs","@id":"https:\/\/kamilamalkova-terapie.cz\/#\/schema\/logo\/image\/","url":"http:\/\/kamilamalkova-terapie.cz\/wp-content\/uploads\/2021\/12\/DSC_0146-1-scaled-e1640465609570.jpg","contentUrl":"http:\/\/kamilamalkova-terapie.cz\/wp-content\/uploads\/2021\/12\/DSC_0146-1-scaled-e1640465609570.jpg","width":1158,"height":1702,"caption":"Mgr. Kamila M\u00e1lkov\u00e1"},"image":{"@id":"https:\/\/kamilamalkova-terapie.cz\/#\/schema\/logo\/image\/"}}]}},"uagb_featured_image_src":{"full":false,"thumbnail":false,"medium":false,"medium_large":false,"large":false,"1536x1536":false,"2048x2048":false},"uagb_author_info":{"display_name":"admin","author_link":"https:\/\/kamilamalkova-terapie.cz\/?author=1"},"uagb_comment_info":0,"uagb_excerpt":"Pracovn\u00ed zku\u0161enosti Oblastn\u00ed charita Ji\u010d\u00edn &#8211; Centrum SASanka Fokus Praha z.\u00fa. \u0160KODA AUTO a.s., ZF TRW, Accenture \u00a0 Vzd\u011bl\u00e1n\u00ed Mgr. v oboru Andragogika (2012), UPOL DiS. v oboru Soci\u00e1ln\u00ed pr\u00e1ce (2004), VO\u0160 soci\u00e1ln\u011b \u2013 pr\u00e1vn\u00ed v Praze Sebezku\u0161enostn\u00ed v\u00fdcvik ve skupinov\u00e9 integrativn\u00ed psychoterapii\u00a0 \u00a0 \u00a0 \u00a0(2019 &#8211; 2023), Sk\u00e1l\u016fv Institut Psychoanalytick\u00e1 p\u00e1rov\u00e1 a rodinn\u00e1 terapie&hellip;","_links":{"self":[{"href":"https:\/\/kamilamalkova-terapie.cz\/index.php?rest_route=\/wp\/v2\/pages\/23","targetHints":{"allow":["GET"]}}],"collection":[{"href":"https:\/\/kamilamalkova-terapie.cz\/index.php?rest_route=\/wp\/v2\/pages"}],"about":[{"href":"https:\/\/kamilamalkova-terapie.cz\/index.php?rest_route=\/wp\/v2\/types\/page"}],"author":[{"embeddable":true,"href":"https:\/\/kamilamalkova-terapie.cz\/index.php?rest_route=\/wp\/v2\/users\/1"}],"replies":[{"embeddable":true,"href":"https:\/\/kamilamalkova-terapie.cz\/index.php?rest_route=%2Fwp%2Fv2%2Fcomments&post=23"}],"version-history":[{"count":97,"href":"https:\/\/kamilamalkova-terapie.cz\/index.php?rest_route=\/wp\/v2\/pages\/23\/revisions"}],"predecessor-version":[{"id":947,"href":"https:\/\/kamilamalkova-terapie.cz\/index.php?rest_route=\/wp\/v2\/pages\/23\/revisions\/947"}],"wp:attachment":[{"href":"https:\/\/kamilamalkova-terapie.cz\/index.php?rest_route=%2Fwp%2Fv2%2Fmedia&parent=23"}],"curies":[{"name":"wp","href":"https:\/\/api.w.org\/{rel}","templated":true}]}}